{"id":19,"date":"2019-05-12T21:57:37","date_gmt":"2019-05-12T19:57:37","guid":{"rendered":"http:\/\/antyki-bydgoszcz.com.pl\/?page_id=19"},"modified":"2023-10-02T19:44:11","modified_gmt":"2023-10-02T17:44:11","slug":"kontakt","status":"publish","type":"page","link":"http:\/\/antyki-bydgoszcz.com.pl\/index.php\/kontakt\/","title":{"rendered":"Kontakt"},"content":{"rendered":"\n<p> &#8222;BARDZO PROSZ\u0118 O KONTAKT PRZED PRZYJAZDEM DO SKLEPU ul Juliusza Kossaka 57 85-307 Tel 513-356-538 -&#x1f64b;- Kupi\u0119-antyki, kolekcj\u0119 , starocie ,bibeloty ,r\u0119kodzie\u0142o ,monety, banknoty, bi\u017cuterie, ksi\u0105\u017cki ,ikony ,wojskowe przedmioty ,medale, odznaki ,wpinki ,mundury, porcelan\u0119, kolejki ,,obrazy, zegarki, zegary mog\u0105 by\u0107 zepsute ,sztu\u0107ce mog\u0105 by\u0107 niekompletne, aparaty fotograficzne, stare zabawki ,porcelana ,obrazy ,stare motocykle, motorowery, cz\u0119\u015bci ,stare papiery, widok\u00f3wki, zdj\u0119cia akcje itp Instrumenty muzyczne, oraz wszystko co b\u0119dzie stare. Tel 513-356-538 Prowadzimy skup sprzeda\u017c z dojazdem do klienta Interesuj\u0105 nas r\u00f3wnie\u017c starocie z likwidacji mieszka\u0144. Zadzwo\u0144 przyjad\u0119.&#8221;<\/p>\n\n\n\n<p>nick allegro janusz7002<\/p>\n\n\n\n<p>Skontaktuj si\u0119 z nami! Prowadzimy skup i sprzeda\u017c z dojazdem do klienta 7 dni w tygodniu.<\/p>\n\n\n\n<p><strong>Zapraszam &#8211; Jan Piotrowski<\/strong><\/p>\n\n\n\n<p>Kontakt Juliusza Kossaka 57 85-307 Bydgoszcz.<\/p>\n","protected":false},"excerpt":{"rendered":"<p>&#8222;BARDZO PROSZ\u0118 O KONTAKT PRZED PRZYJAZDEM DO SKLEPU ul Juliusza Kossaka 57 85-307 Tel 513-356-538 -&#x1f64b;- Kupi\u0119-antyki, kolekcj\u0119 , starocie ,bibeloty ,r\u0119kodzie\u0142o ,monety, banknoty, bi\u017cuterie, ksi\u0105\u017cki ,ikony ,wojskowe przedmioty ,medale, odznaki ,wpinki ,mundury, porcelan\u0119, kolejki ,,obrazy, zegarki, zegary mog\u0105 by\u0107 zepsute ,sztu\u0107ce mog\u0105 by\u0107 niekompletne, aparaty fotograficzne, stare zabawki ,porcelana ,obrazy ,stare motocykle, motorowery, cz\u0119\u015bci &hellip; <\/p>\n<p class=\"link-more\"><a href=\"http:\/\/antyki-bydgoszcz.com.pl\/index.php\/kontakt\/\" class=\"more-link\">Czytaj dalej<span class=\"screen-reader-text\"> Kontakt<\/span><\/a><\/p>\n","protected":false},"author":1,"featured_media":43,"parent":0,"menu_order":0,"comment_status":"closed","ping_status":"closed","template":"","meta":{"footnotes":""},"class_list":["post-19","page","type-page","status-publish","has-post-thumbnail","hentry"],"_links":{"self":[{"href":"http:\/\/antyki-bydgoszcz.com.pl\/index.php\/wp-json\/wp\/v2\/pages\/19","targetHints":{"allow":["GET"]}}],"collection":[{"href":"http:\/\/antyki-bydgoszcz.com.pl\/index.php\/wp-json\/wp\/v2\/pages"}],"about":[{"href":"http:\/\/antyki-bydgoszcz.com.pl\/index.php\/wp-json\/wp\/v2\/types\/page"}],"author":[{"embeddable":true,"href":"http:\/\/antyki-bydgoszcz.com.pl\/index.php\/wp-json\/wp\/v2\/users\/1"}],"replies":[{"embeddable":true,"href":"http:\/\/antyki-bydgoszcz.com.pl\/index.php\/wp-json\/wp\/v2\/comments?post=19"}],"version-history":[{"count":9,"href":"http:\/\/antyki-bydgoszcz.com.pl\/index.php\/wp-json\/wp\/v2\/pages\/19\/revisions"}],"predecessor-version":[{"id":139,"href":"http:\/\/antyki-bydgoszcz.com.pl\/index.php\/wp-json\/wp\/v2\/pages\/19\/revisions\/139"}],"wp:featuredmedia":[{"embeddable":true,"href":"http:\/\/antyki-bydgoszcz.com.pl\/index.php\/wp-json\/wp\/v2\/media\/43"}],"wp:attachment":[{"href":"http:\/\/antyki-bydgoszcz.com.pl\/index.php\/wp-json\/wp\/v2\/media?parent=19"}],"curies":[{"name":"wp","href":"https:\/\/api.w.org\/{rel}","templated":true}]}}