{"id":18,"date":"2019-05-12T21:57:37","date_gmt":"2019-05-12T19:57:37","guid":{"rendered":"http:\/\/antyki-bydgoszcz.com.pl\/?page_id=18"},"modified":"2019-06-13T21:40:02","modified_gmt":"2019-06-13T19:40:02","slug":"o-nas","status":"publish","type":"page","link":"http:\/\/antyki-bydgoszcz.com.pl\/index.php\/o-nas\/","title":{"rendered":"O nas"},"content":{"rendered":"<h4>Witamy w\u00a0sklepie z antykami antyki-bydgoszcz.com.pl<\/h4>\n<p>Dzi\u0119ki bogatemu do\u015bwiadczeniu, prawdziwej pasji i zaanga\u017cowaniu mo\u017cemy zaproponowa\u0107 Pa\u0144stwu szerok\u0105 game historycznych przedmiot\u00f3w kt\u00f3re b\u0119d\u0105 ozdob\u0105 ka\u017cdego domu<\/p>\n<p>Ka\u017cdy antyk w naszej ofercie to oryginalne dzie\u0142o, kt\u00f3rego stan i datowanie jest zgodne z opisem. Niech nasz\u0105 wizyt\u00f3wk\u0105 b\u0119d\u0105 antyki kt\u00f3re proponujemy Pa\u0144stwu na tej stronie.<\/p>\n<p>Zapraszamy r\u00f3wnie\u017c do wsp\u00f3\u0142pracy projektant\u00f3w wn\u0119trz.<\/p>\n","protected":false},"excerpt":{"rendered":"<p>Witamy w\u00a0sklepie z antykami antyki-bydgoszcz.com.pl Dzi\u0119ki bogatemu do\u015bwiadczeniu, prawdziwej pasji i zaanga\u017cowaniu mo\u017cemy zaproponowa\u0107 Pa\u0144stwu szerok\u0105 game historycznych przedmiot\u00f3w kt\u00f3re b\u0119d\u0105 ozdob\u0105 ka\u017cdego domu Ka\u017cdy antyk w naszej ofercie to oryginalne dzie\u0142o, kt\u00f3rego stan i datowanie jest zgodne z opisem. Niech nasz\u0105 wizyt\u00f3wk\u0105 b\u0119d\u0105 antyki kt\u00f3re proponujemy Pa\u0144stwu na tej stronie. Zapraszamy r\u00f3wnie\u017c do wsp\u00f3\u0142pracy &hellip; <\/p>\n<p class=\"link-more\"><a href=\"http:\/\/antyki-bydgoszcz.com.pl\/index.php\/o-nas\/\" class=\"more-link\">Czytaj dalej<span class=\"screen-reader-text\"> O nas<\/span><\/a><\/p>\n","protected":false},"author":1,"featured_media":45,"parent":0,"menu_order":0,"comment_status":"closed","ping_status":"closed","template":"","meta":{"footnotes":""},"class_list":["post-18","page","type-page","status-publish","has-post-thumbnail","hentry"],"_links":{"self":[{"href":"http:\/\/antyki-bydgoszcz.com.pl\/index.php\/wp-json\/wp\/v2\/pages\/18","targetHints":{"allow":["GET"]}}],"collection":[{"href":"http:\/\/antyki-bydgoszcz.com.pl\/index.php\/wp-json\/wp\/v2\/pages"}],"about":[{"href":"http:\/\/antyki-bydgoszcz.com.pl\/index.php\/wp-json\/wp\/v2\/types\/page"}],"author":[{"embeddable":true,"href":"http:\/\/antyki-bydgoszcz.com.pl\/index.php\/wp-json\/wp\/v2\/users\/1"}],"replies":[{"embeddable":true,"href":"http:\/\/antyki-bydgoszcz.com.pl\/index.php\/wp-json\/wp\/v2\/comments?post=18"}],"version-history":[{"count":5,"href":"http:\/\/antyki-bydgoszcz.com.pl\/index.php\/wp-json\/wp\/v2\/pages\/18\/revisions"}],"predecessor-version":[{"id":112,"href":"http:\/\/antyki-bydgoszcz.com.pl\/index.php\/wp-json\/wp\/v2\/pages\/18\/revisions\/112"}],"wp:featuredmedia":[{"embeddable":true,"href":"http:\/\/antyki-bydgoszcz.com.pl\/index.php\/wp-json\/wp\/v2\/media\/45"}],"wp:attachment":[{"href":"http:\/\/antyki-bydgoszcz.com.pl\/index.php\/wp-json\/wp\/v2\/media?parent=18"}],"curies":[{"name":"wp","href":"https:\/\/api.w.org\/{rel}","templated":true}]}}